{"id":15150,"date":"2019-03-17T12:38:56","date_gmt":"2019-03-17T11:38:56","guid":{"rendered":"https:\/\/sisiset.es\/?post_type=product&#038;p=15150"},"modified":"2020-10-10T13:45:23","modified_gmt":"2020-10-10T11:45:23","slug":"sonata-para-viola","status":"publish","type":"product","link":"https:\/\/sisiset.es\/ca\/producto\/sonata-para-viola\/","title":{"rendered":"Sonata per a Viola"},"content":{"rendered":"<div class=\"su-tabs su-tabs-style-default su-tabs-mobile-stack\" data-active=\"1\" data-scroll-offset=\"0\" data-anchor-in-url=\"no\"><div class=\"su-tabs-nav\"><span class=\"\" data-url=\"\" data-target=\"blank\" tabindex=\"0\" role=\"button\">Descripci\u00f3<\/span><span class=\"\" data-url=\"\" data-target=\"blank\" tabindex=\"0\" role=\"button\">Miguel Giron\u00e9s<\/span><\/div><div class=\"su-tabs-panes\"><div class=\"su-tabs-pane su-u-clearfix su-u-trim\" data-title=\"Descripci\u00f3\">\n<p><strong>Sonata per a Viola<\/strong>.\u00a0Composta durant els anys d&#8217;estudiant i revisada per a aquesta segona edici\u00f3, la Sonata per a viola t\u00e9 tints neocl\u00e0ssics, imitant en part els estils de Shostak\u00f3vitx i Hindemith. Amb tres temps que respecten les formes cl\u00e0ssiques de sonata, forma tern\u00e0ria i rond\u00f3, s&#8217;articula una obra de dificultat mitjana per a tots dos int\u00e8rprets i car\u00e0cters contrastants.<\/p>\n<p><span style=\"color: #000000;\">\u00a0<\/div>\n<div class=\"su-tabs-pane su-u-clearfix su-u-trim\" data-title=\"Miguel Giron\u00e9s\">\n<p><a href=\"http:\/\/www.miguelgirones.es\/\" target=\"_blank\" rel=\"noopener noreferrer\">Miguel Giron\u00e9s<\/a> \u00e9s nascut a Val\u00e8ncia en 1975, comen\u00e7a la seua educaci\u00f3 musical a l&#8217;edat de 10 anys, estudiant les especialitats de viol\u00ed, piano, \u00f2rgan, musicologia i composici\u00f3.<br \/>\nEn 2002 aprova les oposicions en l&#8217;especialitat de Fonaments de Composici\u00f3.<br \/>\nCom a organista ha impartit concerts en el gran \u00f2rgan &#8220;Cabanilles&#8221; de l&#8217;Esgl\u00e9sia de la Companyia a Val\u00e8ncia, dins dels cicles que se celebren habitualment en Advent, Quaresma i Pasqua. Ha tocat tamb\u00e9 a Sant Sebasti\u00e0 (Quinzena Musical Donostiarra) i Montblanc.<br \/>\nObt\u00e9 el M\u00e0ster en M\u00fasica per la Universitat Polit\u00e8cnica de Val\u00e8ncia, publicant part de la seua tesi com a article en la Revista &#8220;Quodlibet&#8221; (febrer de 2010), que edita l&#8217;Aula de M\u00fasica de la Universitat d&#8217;Alcal\u00e1 de Henares.<br \/>\nEntre les seues composicions es troben Sonata per a viola i piano, la marxa processional per a banda\u00a0<em>Timete<\/em>\u00a0 <em>Deum<\/em> i <em>Concertino per a huit violes<\/em>.<br \/>\nActualment \u00e9s professor de *ESMAR (Escola Superior de M\u00fasica de l&#8217;Alt Rendiment), aix\u00ed com del Conservatori Superior \u201cJoaqu\u00edn Rodrigo\u201d de Val\u00e8ncia. Tamb\u00e9 imparteix un curs d&#8217;an\u00e0lisi en l\u00ednia per a l&#8217;Institut &#8220;Gabou&#8221; orientat a oposicions&#8221;.<\/p>\n<p style=\"text-align: left;\"><\/div><\/div><\/div>","protected":false},"excerpt":{"rendered":"<h4 style=\"text-align: justify;\"><em><strong>Sonata per a Viola.\u00a0<\/strong><\/em><\/h4>\n<p style=\"text-align: justify;\"><div class=\"su-spoiler su-spoiler-style-default su-spoiler-icon-plus su-spoiler-closed\" data-scroll-offset=\"0\" data-anchor-in-url=\"no\"><div class=\"su-spoiler-title\" tabindex=\"0\" role=\"button\"><span class=\"su-spoiler-icon\"><\/span>M\u00e9s<\/div><div class=\"su-spoiler-content su-u-clearfix su-u-trim\"><\/p>\n<p><span style=\"color: #c90c00;\">Miguel Giron\u00e9s<\/span><\/p>\n<p><span style=\"color: #000000;\"><strong>P\u00e0gines:<\/strong><\/span> <span style=\"color: #c90c00;\">20<\/span><\/p>\n<p><strong><span style=\"color: #000000;\">Dimensi\u00f3:<\/span><\/strong> <span style=\"color: #c90c00;\">235 x 310 mm<\/span><\/p>\n<p><span style=\"color: #000000;\"><strong>ISMN:<\/strong><\/span> <span style=\"color: #c90c00;\">979-0-805407-18-0\u00a0<\/span><\/div><\/div><\/p>\n","protected":false},"featured_media":15147,"template":"","meta":[],"_links":{"self":[{"href":"https:\/\/sisiset.es\/ca\/wp-json\/wp\/v2\/product\/15150"}],"collection":[{"href":"https:\/\/sisiset.es\/ca\/wp-json\/wp\/v2\/product"}],"about":[{"href":"https:\/\/sisiset.es\/ca\/wp-json\/wp\/v2\/types\/product"}],"wp:featuredmedia":[{"embeddable":true,"href":"https:\/\/sisiset.es\/ca\/wp-json\/wp\/v2\/media\/15147"}],"wp:attachment":[{"href":"https:\/\/sisiset.es\/ca\/wp-json\/wp\/v2\/media?parent=15150"}],"curies":[{"name":"wp","href":"https:\/\/api.w.org\/{rel}","templated":true}]}}