{"id":56,"date":"2016-09-13T17:56:08","date_gmt":"2016-09-13T17:56:08","guid":{"rendered":"http:\/\/sisiset.es\/?post_type=product&#038;p=56"},"modified":"2016-09-29T17:18:23","modified_gmt":"2016-09-29T17:18:23","slug":"la-petita-orquestra-de-corda-2-viola-2","status":"publish","type":"product","link":"https:\/\/sisiset.es\/ca\/producto\/la-petita-orquestra-de-corda-2-viola-2\/","title":{"rendered":"La petita orquestra de corda 2, Viola"},"content":{"rendered":"<p class=\"qtranxs-available-languages-message qtranxs-available-languages-message-ca\">Ho sentim, aquesta entrada es troba disponible \u00fanicament en <a href=\"https:\/\/sisiset.es\/es\/wp-json\/wp\/v2\/product\/56\" class=\"qtranxs-available-language-link qtranxs-available-language-link-es\" title=\"Espa\u00f1ol\">Espanyol Europeu<\/a> i <a href=\"https:\/\/sisiset.es\/en\/wp-json\/wp\/v2\/product\/56\" class=\"qtranxs-available-language-link qtranxs-available-language-link-en\" title=\"English\">Angl\u00e8s Americ\u00e0<\/a>.<\/p>","protected":false},"excerpt":{"rendered":"<p>Ho sentim, aquesta entrada es troba disponible \u00fanicament en Espanyol Europeu i Angl\u00e8s Americ\u00e0.<\/p>\n","protected":false},"featured_media":59,"template":"","meta":[],"_links":{"self":[{"href":"https:\/\/sisiset.es\/ca\/wp-json\/wp\/v2\/product\/56"}],"collection":[{"href":"https:\/\/sisiset.es\/ca\/wp-json\/wp\/v2\/product"}],"about":[{"href":"https:\/\/sisiset.es\/ca\/wp-json\/wp\/v2\/types\/product"}],"wp:featuredmedia":[{"embeddable":true,"href":"https:\/\/sisiset.es\/ca\/wp-json\/wp\/v2\/media\/59"}],"wp:attachment":[{"href":"https:\/\/sisiset.es\/ca\/wp-json\/wp\/v2\/media?parent=56"}],"curies":[{"name":"wp","href":"https:\/\/api.w.org\/{rel}","templated":true}]}}