{"id":34,"date":"2016-09-08T15:59:22","date_gmt":"2016-09-08T13:59:22","guid":{"rendered":"http:\/\/sisiset.es\/?page_id=34"},"modified":"2024-09-20T13:14:03","modified_gmt":"2024-09-20T11:14:03","slug":"blog","status":"publish","type":"page","link":"https:\/\/sisiset.es\/en\/blog\/","title":{"rendered":"Blog"},"content":{"rendered":"\n\n<div class=\"su-posts su-posts-default-loop \">\n\n\t\n\t\t\t\t\t\n\t\t\t\n\t\t\t<div id=\"su-post-2158\" class=\"su-post \">\n\n\t\t\t\t\n\t\t\t\t<h2 class=\"su-post-title\"><a href=\"https:\/\/sisiset.es\/en\/2158-2\/\">(Espa\u00f1ol) JAZZ COLORS. Jazz en el Conservatorio<\/a><\/h2>\n\n\t\t\t\t<div class=\"su-post-meta\">\n\t\t\t\t\tPublicado: 15 October 2018\t\t\t\t<\/div>\n\n\t\t\t\t<div class=\"su-post-excerpt\">\n\t\t\t\t\t<p>Sorry, this entry is only available in European Spanish.<\/p>\n\t\t\t\t<\/div>\n\n\t\t\t\t\n\t\t\t<\/div>\n\n\t\t\t\t\t\n\t\t\t\n\t\t\t<div id=\"su-post-2153\" class=\"su-post \">\n\n\t\t\t\t\n\t\t\t\t<h2 class=\"su-post-title\"><a href=\"https:\/\/sisiset.es\/en\/https-www-docenotas-com-143280-hacia-nuevo-saxofon\/\">HACIA UN NUEVO SAXOF\u00d3N<\/a><\/h2>\n\n\t\t\t\t<div class=\"su-post-meta\">\n\t\t\t\t\tPublicado: 15 October 2018\t\t\t\t<\/div>\n\n\t\t\t\t<div class=\"su-post-excerpt\">\n\t\t\t\t\t<p>Sorry, this entry is only available in European Spanish.<\/p>\n\t\t\t\t<\/div>\n\n\t\t\t\t\n\t\t\t<\/div>\n\n\t\t\t\t\t\n\t\t\t\n\t\t\t<div id=\"su-post-1413\" class=\"su-post \">\n\n\t\t\t\t\t\t\t\t\t<a class=\"su-post-thumbnail\" href=\"https:\/\/sisiset.es\/en\/prueba-de-descarga\/\"><img src=\"https:\/\/sisiset.es\/wp-content\/uploads\/2018\/03\/Portada-para-WEB.png\" class=\"attachment-post-thumbnail size-post-thumbnail wp-post-image\" alt=\"\" loading=\"lazy\" srcset=\"https:\/\/sisiset.es\/wp-content\/uploads\/2018\/03\/Portada-para-WEB.png 595w, https:\/\/sisiset.es\/wp-content\/uploads\/2018\/03\/Portada-para-WEB-350x495.png 350w, https:\/\/sisiset.es\/wp-content\/uploads\/2018\/03\/Portada-para-WEB-106x150.png 106w, https:\/\/sisiset.es\/wp-content\/uploads\/2018\/03\/Portada-para-WEB-495x700.png 495w\" sizes=\"(max-width: 595px) 100vw, 595px\" \/><\/a>\n\t\t\t\t\n\t\t\t\t<h2 class=\"su-post-title\"><a href=\"https:\/\/sisiset.es\/en\/prueba-de-descarga\/\">New perspectives on the saxophone. From sonic exploration to composition<\/a><\/h2>\n\n\t\t\t\t<div class=\"su-post-meta\">\n\t\t\t\t\tPublicado: 14 March 2018\t\t\t\t<\/div>\n\n\t\t\t\t<div class=\"su-post-excerpt\">\n\t\t\t\t\t\t\t\t\t<\/div>\n\n\t\t\t\t\n\t\t\t<\/div>\n\n\t\t\t\t\t\n\t\t\t\n\t\t\t<div id=\"su-post-832\" class=\"su-post \">\n\n\t\t\t\t\n\t\t\t\t<h2 class=\"su-post-title\"><a href=\"https:\/\/sisiset.es\/en\/jorge-fernandez-7-claves-para-mejorar-tu-lectura-a-primera-vista\/\">(Espa\u00f1ol) Jorge Fern\u00e1ndez. 7 claves para mejorar tu lectura a primera vista<\/a><\/h2>\n\n\t\t\t\t<div class=\"su-post-meta\">\n\t\t\t\t\tPublicado: 20 January 2017\t\t\t\t<\/div>\n\n\t\t\t\t<div class=\"su-post-excerpt\">\n\t\t\t\t\t<p>Sorry, this entry is only available in European Spanish.<\/p>\n\t\t\t\t<\/div>\n\n\t\t\t\t\n\t\t\t<\/div>\n\n\t\t\t\t\t\n\t\t\t\n\t\t\t<div id=\"su-post-731\" class=\"su-post \">\n\n\t\t\t\t\n\t\t\t\t<h2 class=\"su-post-title\"><a href=\"https:\/\/sisiset.es\/en\/cuatro-invenciones-a-2-voces-de-j-s-bach-sobre-sujetos-breves-historia-de-la-musica\/\">Cuatro invenciones a 2 voces de J.S. Bach sobre sujetos breves | HISTORIA DE LA M\u00daSICA<\/a><\/h2>\n\n\t\t\t\t<div class=\"su-post-meta\">\n\t\t\t\t\tPublicado: 5 November 2016\t\t\t\t<\/div>\n\n\t\t\t\t<div class=\"su-post-excerpt\">\n\t\t\t\t\t<p>La ciencia\u00a0del contrapunto se ha manifestado a trav\u00e9s de los m\u00e1s diversos g\u00e9neros. Entre los m\u00e1s modestos se encuentran las 15 Invenciones a 2 voces de J. S. Bach, un magistral compendio de esta ci\u2026 Origen: Cuatro invenciones a 2 voces de J.S. Bach sobre sujetos breves | HISTORIA DE LA M\u00daSICA<\/p>\n\t\t\t\t<\/div>\n\n\t\t\t\t\n\t\t\t<\/div>\n\n\t\t\n\t\n<\/div>\n\n","protected":false},"excerpt":{"rendered":"","protected":false},"author":1,"featured_media":0,"parent":0,"menu_order":0,"comment_status":"open","ping_status":"closed","template":"","meta":[],"_links":{"self":[{"href":"https:\/\/sisiset.es\/en\/wp-json\/wp\/v2\/pages\/34"}],"collection":[{"href":"https:\/\/sisiset.es\/en\/wp-json\/wp\/v2\/pages"}],"about":[{"href":"https:\/\/sisiset.es\/en\/wp-json\/wp\/v2\/types\/page"}],"author":[{"embeddable":true,"href":"https:\/\/sisiset.es\/en\/wp-json\/wp\/v2\/users\/1"}],"replies":[{"embeddable":true,"href":"https:\/\/sisiset.es\/en\/wp-json\/wp\/v2\/comments?post=34"}],"version-history":[{"count":1,"href":"https:\/\/sisiset.es\/en\/wp-json\/wp\/v2\/pages\/34\/revisions"}],"predecessor-version":[{"id":35,"href":"https:\/\/sisiset.es\/en\/wp-json\/wp\/v2\/pages\/34\/revisions\/35"}],"wp:attachment":[{"href":"https:\/\/sisiset.es\/en\/wp-json\/wp\/v2\/media?parent=34"}],"curies":[{"name":"wp","href":"https:\/\/api.w.org\/{rel}","templated":true}]}}