{"id":882,"date":"2017-09-23T16:57:38","date_gmt":"2017-09-23T14:57:38","guid":{"rendered":"http:\/\/sisiset.es\/producto\/tres-recuerdos-para-oboe-y-piano\/"},"modified":"2020-06-12T19:52:55","modified_gmt":"2020-06-12T17:52:55","slug":"tres-recuerdos-para-oboe-y-piano","status":"publish","type":"product","link":"https:\/\/sisiset.es\/en\/producto\/tres-recuerdos-para-oboe-y-piano\/","title":{"rendered":"Tres Recuerdos para Oboe y Piano"},"content":{"rendered":"<div class=\"su-tabs su-tabs-style-default su-tabs-mobile-stack\" data-active=\"1\" data-scroll-offset=\"0\" data-anchor-in-url=\"no\"><div class=\"su-tabs-nav\"><span class=\"\" data-url=\"\" data-target=\"blank\" tabindex=\"0\" role=\"button\">Description<\/span><span class=\"\" data-url=\"\" data-target=\"blank\" tabindex=\"0\" role=\"button\">The autor<\/span><\/div><div class=\"su-tabs-panes\"><div class=\"su-tabs-pane su-u-clearfix su-u-trim\" data-title=\"Description\">\n<ol>\n<li><span lang=\"es-ES\"><em>Scherzino<\/em>, con car\u00e1cter de Divertimento y una estructura en forma de <em>Scherzo <\/em>con dos tr\u00edos.<\/span><\/li>\n<li><em>Canci\u00f3n, <\/em>esta segunda pieza posee un car\u00e1cter m\u00e1s l\u00edrico, melanc\u00f3lico incluso. Se mantienen la textura de melod\u00eda acompa\u00f1ada con una forma ternaria reexpositiva.<\/li>\n<li><em>Tarantella, de car\u00e1cter c\u00f3mico, textura contrapunt\u00edstica\u00a0y forma binaria sin repeticiones<\/em><\/li>\n<\/ol>\n<p><span style=\"color: #000000;\">\u00a0<\/div>\n<div class=\"su-tabs-pane su-u-clearfix su-u-trim\" data-title=\"The autor\">\n<p style=\"text-align: left;\"><\/div><\/div><\/div>","protected":false},"excerpt":{"rendered":"<p style=\"text-align: justify;\"><em><strong>Tres Recuerdos para Oboe y Piano.\u00a0<\/strong><\/em><\/p>\n<p style=\"text-align: justify;\"><div class=\"su-spoiler su-spoiler-style-default su-spoiler-icon-plus su-spoiler-closed\" data-scroll-offset=\"0\" data-anchor-in-url=\"no\"><div class=\"su-spoiler-title\" tabindex=\"0\" role=\"button\"><span class=\"su-spoiler-icon\"><\/span>More<\/div><div class=\"su-spoiler-content su-u-clearfix su-u-trim\"><\/p>\n<p><span style=\"color: #000000;\"><b>Author<\/b><strong><span style=\"color: #000000;\">:<\/span>\u00a0<\/strong><\/span><span style=\"color: #c90c00;\">Luis Yuste Mart\u00ednez<\/span><\/p>\n<p><span style=\"color: #000000;\"><strong>Pages:<\/strong><\/span> <span style=\"color: #c90c00;\">20<\/span><\/p>\n<p><strong><span style=\"color: #000000;\">Size:<\/span><\/strong> <span style=\"color: #c90c00;\">235 x 310 mm<\/span><\/p>\n<p><span style=\"color: #000000;\"><strong>ISMN:<\/strong><\/span> <span style=\"color: #c90c00;\">979-0-805407-11-1\u00a0<\/span><\/div><\/div><\/p>\n<p><a href=\"http:\/\/sisiset.es\/wp-content\/uploads\/2017\/09\/Tres-Recuerdos.-Oboe-y-Piano-pag.-3-9-13.pdf\">Tres Recuerdos. Oboe y Piano<\/a><\/p>\n","protected":false},"featured_media":2073,"template":"","meta":[],"_links":{"self":[{"href":"https:\/\/sisiset.es\/en\/wp-json\/wp\/v2\/product\/882"}],"collection":[{"href":"https:\/\/sisiset.es\/en\/wp-json\/wp\/v2\/product"}],"about":[{"href":"https:\/\/sisiset.es\/en\/wp-json\/wp\/v2\/types\/product"}],"wp:featuredmedia":[{"embeddable":true,"href":"https:\/\/sisiset.es\/en\/wp-json\/wp\/v2\/media\/2073"}],"wp:attachment":[{"href":"https:\/\/sisiset.es\/en\/wp-json\/wp\/v2\/media?parent=882"}],"curies":[{"name":"wp","href":"https:\/\/api.w.org\/{rel}","templated":true}]}}